{"id":5256,"date":"2022-06-13T06:13:20","date_gmt":"2022-06-13T06:13:20","guid":{"rendered":"https:\/\/myproperty-turkey.com\/?page_id=5256"},"modified":"2023-05-22T10:19:31","modified_gmt":"2023-05-22T10:19:31","slug":"investment","status":"publish","type":"page","link":"https:\/\/myproperty-turkey.com\/tr\/investment\/","title":{"rendered":"Yat\u0131r\u0131m"},"content":{"rendered":"<div data-elementor-type=\"wp-page\" data-elementor-id=\"5256\" class=\"elementor elementor-5256\" data-elementor-post-type=\"page\">\n\t\t\t\t\t\t<section class=\"elementor-section elementor-top-section elementor-element elementor-element-5b94735 elementor-reverse-mobile elementor-section-boxed elementor-section-height-default elementor-section-height-default\" data-id=\"5b94735\" data-element_type=\"section\" data-e-type=\"section\" data-settings=\"{&quot;shape_divider_bottom&quot;:&quot;tilt&quot;}\">\n\t\t\t\t\t<div class=\"elementor-shape elementor-shape-bottom\" aria-hidden=\"true\" data-negative=\"false\">\n\t\t\t<svg xmlns=\"http:\/\/www.w3.org\/2000\/svg\" viewbox=\"0 0 1000 100\" preserveaspectratio=\"none\">\n\t<path class=\"elementor-shape-fill\" d=\"M0,6V0h1000v100L0,6z\"\/>\n<\/svg>\t\t<\/div>\n\t\t\t\t\t<div class=\"elementor-container elementor-column-gap-default\">\n\t\t\t\t\t<div class=\"elementor-column elementor-col-50 elementor-top-column elementor-element elementor-element-df57f60\" data-id=\"df57f60\" data-element_type=\"column\" data-e-type=\"column\">\n\t\t\t<div class=\"elementor-widget-wrap elementor-element-populated\">\n\t\t\t\t\t\t<div class=\"elementor-element elementor-element-5a60622 elementor-widget elementor-widget-heading\" data-id=\"5a60622\" data-element_type=\"widget\" data-e-type=\"widget\" data-widget_type=\"heading.default\">\n\t\t\t\t<div class=\"elementor-widget-container\">\n\t\t\t\t\t<h2 class=\"elementor-heading-title elementor-size-default\">Yat\u0131r\u0131m Ortakl\u0131\u011f\u0131<\/h2>\t\t\t\t<\/div>\n\t\t\t\t<\/div>\n\t\t\t\t<div class=\"elementor-element elementor-element-e2d756d elementor-widget elementor-widget-text-editor\" data-id=\"e2d756d\" data-element_type=\"widget\" data-e-type=\"widget\" data-widget_type=\"text-editor.default\">\n\t\t\t\t<div class=\"elementor-widget-container\">\n\t\t\t\t\t\t\t\t\t<p>Projelerimizle ili\u015fkilendirme imkan\u0131 sunuyoruz. Bunun i\u00e7in yat\u0131r\u0131m ortakl\u0131\u011f\u0131 kurarak gayrimenkul yat\u0131r\u0131m\u0131 yapmal\u0131s\u0131n\u0131z. M\u00fclkleri bizden sat\u0131n alabilir veya gelecekteki geli\u015ftirmelerimizde ortak olarak kardan pay alabilirsiniz.<\/p>\t\t\t\t\t\t\t\t<\/div>\n\t\t\t\t<\/div>\n\t\t\t\t<div class=\"elementor-element elementor-element-8fa3db0 elementor-widget elementor-widget-button\" data-id=\"8fa3db0\" data-element_type=\"widget\" data-e-type=\"widget\" data-widget_type=\"button.default\">\n\t\t\t\t<div class=\"elementor-widget-container\">\n\t\t\t\t\t\t\t\t\t<div class=\"elementor-button-wrapper\">\n\t\t\t\t\t<a class=\"elementor-button elementor-button-link elementor-size-md\" href=\"https:\/\/zgl.b8e.myftpupload.com\/contact\/\">\n\t\t\t\t\t\t<span class=\"elementor-button-content-wrapper\">\n\t\t\t\t\t\t\t\t\t<span class=\"elementor-button-text\">Ba\u015flamak<\/span>\n\t\t\t\t\t<\/span>\n\t\t\t\t\t<\/a>\n\t\t\t\t<\/div>\n\t\t\t\t\t\t\t\t<\/div>\n\t\t\t\t<\/div>\n\t\t\t\t\t<\/div>\n\t\t<\/div>\n\t\t\t\t<div class=\"elementor-column elementor-col-50 elementor-top-column elementor-element elementor-element-d73fbea\" data-id=\"d73fbea\" data-element_type=\"column\" data-e-type=\"column\">\n\t\t\t<div class=\"elementor-widget-wrap elementor-element-populated\">\n\t\t\t\t\t\t<div class=\"elementor-element elementor-element-b017cf4 elementor-widget elementor-widget-image\" data-id=\"b017cf4\" data-element_type=\"widget\" data-e-type=\"widget\" data-widget_type=\"image.default\">\n\t\t\t\t<div class=\"elementor-widget-container\">\n\t\t\t\t\t\t\t\t\t\t\t\t\t\t\t<img fetchpriority=\"high\" decoding=\"async\" width=\"800\" height=\"600\" src=\"https:\/\/myproperty-turkey.com\/wp-content\/uploads\/2022\/06\/partnership-v1.jpg\" class=\"attachment-full size-full wp-image-5359\" alt=\"\" srcset=\"https:\/\/myproperty-turkey.com\/wp-content\/uploads\/2022\/06\/partnership-v1.jpg 800w, https:\/\/myproperty-turkey.com\/wp-content\/uploads\/2022\/06\/partnership-v1-300x225.jpg 300w, https:\/\/myproperty-turkey.com\/wp-content\/uploads\/2022\/06\/partnership-v1-768x576.jpg 768w, https:\/\/myproperty-turkey.com\/wp-content\/uploads\/2022\/06\/partnership-v1-150x113.jpg 150w, https:\/\/myproperty-turkey.com\/wp-content\/uploads\/2022\/06\/partnership-v1-680x510.jpg 680w\" sizes=\"(max-width: 800px) 100vw, 800px\" \/>\t\t\t\t\t\t\t\t\t\t\t\t\t\t\t<\/div>\n\t\t\t\t<\/div>\n\t\t\t\t\t<\/div>\n\t\t<\/div>\n\t\t\t\t\t<\/div>\n\t\t<\/section>\n\t\t\t\t<section class=\"elementor-section elementor-top-section elementor-element elementor-element-3231756 elementor-section-boxed elementor-section-height-default elementor-section-height-default\" data-id=\"3231756\" data-element_type=\"section\" data-e-type=\"section\" data-settings=\"{&quot;background_background&quot;:&quot;classic&quot;}\">\n\t\t\t\t\t\t<div class=\"elementor-container elementor-column-gap-default\">\n\t\t\t\t\t<div class=\"elementor-column elementor-col-50 elementor-top-column elementor-element elementor-element-c338b4e\" data-id=\"c338b4e\" data-element_type=\"column\" data-e-type=\"column\">\n\t\t\t<div class=\"elementor-widget-wrap elementor-element-populated\">\n\t\t\t\t\t\t<div class=\"elementor-element elementor-element-3d84415 elementor-widget elementor-widget-image\" data-id=\"3d84415\" data-element_type=\"widget\" data-e-type=\"widget\" data-widget_type=\"image.default\">\n\t\t\t\t<div class=\"elementor-widget-container\">\n\t\t\t\t\t\t\t\t\t\t\t\t\t\t\t<img decoding=\"async\" width=\"800\" height=\"600\" src=\"https:\/\/myproperty-turkey.com\/wp-content\/uploads\/2022\/06\/invest-in-construction.jpg\" class=\"attachment-full size-full wp-image-5358\" alt=\"\" srcset=\"https:\/\/myproperty-turkey.com\/wp-content\/uploads\/2022\/06\/invest-in-construction.jpg 800w, https:\/\/myproperty-turkey.com\/wp-content\/uploads\/2022\/06\/invest-in-construction-300x225.jpg 300w, https:\/\/myproperty-turkey.com\/wp-content\/uploads\/2022\/06\/invest-in-construction-768x576.jpg 768w, https:\/\/myproperty-turkey.com\/wp-content\/uploads\/2022\/06\/invest-in-construction-150x113.jpg 150w, https:\/\/myproperty-turkey.com\/wp-content\/uploads\/2022\/06\/invest-in-construction-680x510.jpg 680w\" sizes=\"(max-width: 800px) 100vw, 800px\" \/>\t\t\t\t\t\t\t\t\t\t\t\t\t\t\t<\/div>\n\t\t\t\t<\/div>\n\t\t\t\t\t<\/div>\n\t\t<\/div>\n\t\t\t\t<div class=\"elementor-column elementor-col-50 elementor-top-column elementor-element elementor-element-df931b3\" data-id=\"df931b3\" data-element_type=\"column\" data-e-type=\"column\">\n\t\t\t<div class=\"elementor-widget-wrap elementor-element-populated\">\n\t\t\t\t\t\t<div class=\"elementor-element elementor-element-5c52896 elementor-widget elementor-widget-heading\" data-id=\"5c52896\" data-element_type=\"widget\" data-e-type=\"widget\" data-widget_type=\"heading.default\">\n\t\t\t\t<div class=\"elementor-widget-container\">\n\t\t\t\t\t<h2 class=\"elementor-heading-title elementor-size-default\">\u0130n\u015faat Projelerine Yat\u0131r\u0131m Yap\u0131n<\/h2>\t\t\t\t<\/div>\n\t\t\t\t<\/div>\n\t\t\t\t<div class=\"elementor-element elementor-element-709e4be elementor-widget elementor-widget-text-editor\" data-id=\"709e4be\" data-element_type=\"widget\" data-e-type=\"widget\" data-widget_type=\"text-editor.default\">\n\t\t\t\t<div class=\"elementor-widget-container\">\n\t\t\t\t\t\t\t\t\t<p>My property Turkey, yap-sat ve zaman\u0131nda tamamlama da dahil olmak \u00fczere in\u015faat\u0131n t\u00fcm a\u015famalar\u0131n\u0131 ba\u015far\u0131yla tamamlama konusunda g\u00fc\u00e7l\u00fc ve kan\u0131tlanm\u0131\u015f bir sicile sahiptir. Daireleri k\u0131sa s\u00fcrede satmak i\u00e7in profesyonel bir reklam ekibimiz ve sat\u0131\u015f uzman\u0131m\u0131z var. Ortakl\u0131\u011f\u0131 kabul etmek i\u00e7in birincil stratejimiz bir kazan-kazan stratejisidir. Tek ba\u015f\u0131m\u0131za de\u011fil, el ele b\u00fcy\u00fcd\u00fc\u011f\u00fcm\u00fcze inan\u0131yoruz.<\/p>\t\t\t\t\t\t\t\t<\/div>\n\t\t\t\t<\/div>\n\t\t\t\t<div class=\"elementor-element elementor-element-c437ebd elementor-widget elementor-widget-button\" data-id=\"c437ebd\" data-element_type=\"widget\" data-e-type=\"widget\" data-widget_type=\"button.default\">\n\t\t\t\t<div class=\"elementor-widget-container\">\n\t\t\t\t\t\t\t\t\t<div class=\"elementor-button-wrapper\">\n\t\t\t\t\t<a class=\"elementor-button elementor-button-link elementor-size-md\" href=\"https:\/\/zgl.b8e.myftpupload.com\/contact\/\">\n\t\t\t\t\t\t<span class=\"elementor-button-content-wrapper\">\n\t\t\t\t\t\t\t\t\t<span class=\"elementor-button-text\">Ba\u015flamak<\/span>\n\t\t\t\t\t<\/span>\n\t\t\t\t\t<\/a>\n\t\t\t\t<\/div>\n\t\t\t\t\t\t\t\t<\/div>\n\t\t\t\t<\/div>\n\t\t\t\t\t<\/div>\n\t\t<\/div>\n\t\t\t\t\t<\/div>\n\t\t<\/section>\n\t\t\t\t<section class=\"elementor-section elementor-top-section elementor-element elementor-element-9070380 elementor-section-full_width elementor-section-stretched elementor-section-height-default elementor-section-height-default\" data-id=\"9070380\" data-element_type=\"section\" data-e-type=\"section\" data-settings=\"{&quot;stretch_section&quot;:&quot;section-stretched&quot;,&quot;shape_divider_top&quot;:&quot;tilt&quot;,&quot;shape_divider_bottom&quot;:&quot;tilt&quot;}\">\n\t\t\t\t\t<div class=\"elementor-shape elementor-shape-top\" aria-hidden=\"true\" data-negative=\"false\">\n\t\t\t<svg xmlns=\"http:\/\/www.w3.org\/2000\/svg\" viewbox=\"0 0 1000 100\" preserveaspectratio=\"none\">\n\t<path class=\"elementor-shape-fill\" d=\"M0,6V0h1000v100L0,6z\"\/>\n<\/svg>\t\t<\/div>\n\t\t\t\t<div class=\"elementor-shape elementor-shape-bottom\" aria-hidden=\"true\" data-negative=\"false\">\n\t\t\t<svg xmlns=\"http:\/\/www.w3.org\/2000\/svg\" viewbox=\"0 0 1000 100\" preserveaspectratio=\"none\">\n\t<path class=\"elementor-shape-fill\" d=\"M0,6V0h1000v100L0,6z\"\/>\n<\/svg>\t\t<\/div>\n\t\t\t\t\t<div class=\"elementor-container elementor-column-gap-no\">\n\t\t\t\t\t<div class=\"elementor-column elementor-col-100 elementor-top-column elementor-element elementor-element-68c69d1\" data-id=\"68c69d1\" data-element_type=\"column\" data-e-type=\"column\">\n\t\t\t<div class=\"elementor-widget-wrap elementor-element-populated\">\n\t\t\t\t\t\t<div class=\"elementor-element elementor-element-9c53be1 elementor-widget elementor-widget-ere-cta-two-widget\" data-id=\"9c53be1\" data-element_type=\"widget\" data-e-type=\"widget\" data-widget_type=\"ere-cta-two-widget.default\">\n\t\t\t\t<div class=\"elementor-widget-container\">\n\t\t\t\t\t        <section\n                class=\"rh_elementor_widget rh_section__cta_elementor_two rh_cta--featured_elementor ere_cta_parallax\" style=\"background-size: cover; background-image: url(http:\/\/zgl.b8e.myftpupload.com\/wp-content\/uploads\/2022\/06\/alanya-bg1.jpg ) \">\n\n\n\t\t\t                <div class=\"elementor_overlay_cta_1\"><\/div>\n\t\t\t            <div class=\"wrapper-section-contents_elementor\">\n                <div class=\"rh_cta__wrap_elementor\">\n\n\t\t\t\t\t                        <p class=\"rh_cta__title\">Daha Fazlas\u0131n\u0131 m\u0131 Ar\u0131yorsunuz?<\/p>\n\t\t\t\t\t\n\t\t\t\t\t                        <h3 class=\"rh_cta__quote\">Uzmanlar\u0131m\u0131zla konu\u015fun veya daha fazla m\u00fclke g\u00f6z at\u0131n.<\/h3>\n\t\t\t\t\t\n                    <div class=\"rh_cta__btns_elementor_two\">\n\n\t\t\t\t\t\t                            <a href=\"https:\/\/zgl.b8e.myftpupload.com\/contact\/\"\n                               class=\"cta_two_elementor_first_button cta_two_elementor_button\">Bize Ula\u015f\u0131n<\/a>\n\t\t\t\t\t\t\n\t\t\t\t\t\t                            <a href=\"https:\/\/zgl.b8e.myftpupload.com\/properties\/\"\n                               class=\"cta_two_elementor_second_button cta_two_elementor_button\">\u00d6zellikler<\/a>\n\t\t\t\t\t\t\n                    <\/div>\n\n                <\/div>\n            <\/div>\n\n        <\/section>\n\n\t\t\t\t\t\t<\/div>\n\t\t\t\t<\/div>\n\t\t\t\t\t<\/div>\n\t\t<\/div>\n\t\t\t\t\t<\/div>\n\t\t<\/section>\n\t\t\t\t<section class=\"elementor-section elementor-top-section elementor-element elementor-element-c3e588b elementor-section-boxed elementor-section-height-default elementor-section-height-default\" data-id=\"c3e588b\" data-element_type=\"section\" data-e-type=\"section\">\n\t\t\t\t\t\t<div class=\"elementor-container elementor-column-gap-default\">\n\t\t\t\t\t<div class=\"elementor-column elementor-col-100 elementor-top-column elementor-element elementor-element-7ee8c4b\" data-id=\"7ee8c4b\" data-element_type=\"column\" data-e-type=\"column\">\n\t\t\t<div class=\"elementor-widget-wrap elementor-element-populated\">\n\t\t\t\t\t\t<div class=\"elementor-element elementor-element-4c63064 elementor-widget elementor-widget-inspiry-testimonial-four-widget\" data-id=\"4c63064\" data-element_type=\"widget\" data-e-type=\"widget\" data-widget_type=\"inspiry-testimonial-four-widget.default\">\n\t\t\t\t<div class=\"elementor-widget-container\">\n\t\t\t\t\t            <div class=\"rhea_testimonials_4_widget\" data-animation-type=\"slide\" data-animation-speed=\"600\" data-reverse=\"1\" data-auto-slide=\"1\" data-slidershow-speed=\"5000\">\n\n\t\t\t\t                    <div class=\"rhea_testimonials_4_widget_quotation_mark\"><svg xmlns=\"http:\/\/www.w3.org\/2000\/svg\" width=\"62\" height=\"56\"><path d=\"M21 34.4L13.9 34.4C14 30.7 14.1 26.4 21 24.2L21 14.1C15.6 15 10.5 15.9 6 20.5 0.3 26.1 0.2 32.8 0.1 39.4L0.1 55.9 21 55.9 21 34.4ZM61.9 27.2L52.4 27.2C52.6 22.4 52.7 16.6 61.9 13.7L61.9 0.1C54.9 1.3 48 2.6 41.9 8.7 34.4 16.1 34.2 25.1 34 33.9L34 55.9 61.9 55.9 61.9 27.2Z\" fill=\"rgb(255, 255, 255)\"\/><\/svg><\/div>\n\t\t\t\t\n                <div id=\"rhea_testimonials_4_widget_4c63064\" class=\"rhea_testimonials_4_widget_flexslider flexslider\">\n                    <ul class=\"slides\">\n\t\t\t\t\t\t                            <li class=\"rhea_testimonials_4_widget_slide\">\n\n                                <p>T\u00fcrkiye&#039;de bir\u00e7ok emlak \u015firketi var ama ben en iyisini My Property Turkey olarak buldum. Harika bir m\u00fclk se\u00e7imine ve kusursuz m\u00fc\u015fteri hizmetlerine sahipler. Onlarla 2 y\u0131l\u0131 a\u015fk\u0131n s\u00fcredir \u00e7al\u0131\u015f\u0131yorum ve onlar hakk\u0131nda yeterince \u015fey s\u00f6yleyemem. Onlara kesinlikle bir \u015fans vermelisin!<\/p>\n\n                                <div class=\"rhea_testimonials_4_widget_meta\">\n\n\t\t\t\t\t\t\t\t\t                                        <div class=\"rhea_testimonials_4_widget_image\">\n\t\t\t\t\t\t\t\t\t\t\t<img decoding=\"async\" src=\"https:\/\/myproperty-turkey.com\/wp-content\/uploads\/2021\/06\/customer-male-00.jpg\" title=\"m\u00fc\u015fteri-erkek-00.jpg\" alt=\"customer-male-00.jpg\" loading=\"lazy\" \/>                                        <\/div>\n\t\t\t\t\t\t\t\t\t                                        <div class=\"rhea_testimonials_4_widget_details\">\n\t\t\t\t\t\t\t\t\t\t\t                                                <h3 class=\"rhea_testimonials_4_widget_name\">Piruz<\/h3>                                        <\/div>\n\t\t\t\t\t\t\t\t\t                                <\/div>\n                            <\/li>\n\t\t\t\t\t\t                            <li class=\"rhea_testimonials_4_widget_slide\">\n\n                                <p>Gayrimenkul aramak hi\u00e7 bu kadar kolay olmam\u0131\u015ft\u0131! My Property Turkey ara\u015ft\u0131rmam s\u0131ras\u0131nda verdi\u011fim en iyi karard\u0131. Cana yak\u0131n ve yard\u0131mseverdiler ve sahip oldu\u011fum t\u00fcm sorular\u0131 yan\u0131tlamak i\u00e7in yukar\u0131da ve \u00f6teye gittiler. Harika bir deneyimdi ve onlar\u0131 \u015fiddetle tavsiye ediyorum.<\/p>\n\n                                <div class=\"rhea_testimonials_4_widget_meta\">\n\n\t\t\t\t\t\t\t\t\t                                        <div class=\"rhea_testimonials_4_widget_image\">\n\t\t\t\t\t\t\t\t\t\t\t<img decoding=\"async\" src=\"https:\/\/myproperty-turkey.com\/wp-content\/uploads\/2021\/06\/avery-jacob.jpg\" title=\"avery-jacob.jpg\" alt=\"avery-jacob.jpg\" loading=\"lazy\" \/>                                        <\/div>\n\t\t\t\t\t\t\t\t\t                                        <div class=\"rhea_testimonials_4_widget_details\">\n\t\t\t\t\t\t\t\t\t\t\t                                                <h3 class=\"rhea_testimonials_4_widget_name\">Seona McClelland<\/h3>                                        <\/div>\n\t\t\t\t\t\t\t\t\t                                <\/div>\n                            <\/li>\n\t\t\t\t\t\t                    <\/ul>\n                <\/div>\n\n                <div id=\"rhea_testimonials_4_widget_navigation_4c63064\" class=\"rhea_testimonials_4_widget_navigation\">\n                    <a href=\"\/tr\/prev\/\"><svg height=\"40\" viewbox=\"0 0 48 48\" width=\"40\" xmlns=\"http:\/\/www.w3.org\/2000\/svg\"><path d=\"M30.83 32.67l-9.17-9.17 9.17-9.17-2.83-2.83-12 12 12 12z\"\/><path d=\"M0-.5h48v48h-48z\" fill=\"none\"\/><\/svg>\r\n<\/a>\n                    <a href=\"\/tr\/next\/\"><svg height=\"40\" viewbox=\"0 0 48 48\" width=\"40\" xmlns=\"http:\/\/www.w3.org\/2000\/svg\"><path d=\"M17.17 32.92l9.17-9.17-9.17-9.17 2.83-2.83 12 12-12 12z\"\/><path d=\"M0-.25h48v48h-48z\" fill=\"none\"\/><\/svg>\r\n<\/a>\n                <\/div>\n            <\/div>\n\t\t\t\t\t\t\t<\/div>\n\t\t\t\t<\/div>\n\t\t\t\t\t<\/div>\n\t\t<\/div>\n\t\t\t\t\t<\/div>\n\t\t<\/section>\n\t\t\t\t<section class=\"elementor-section elementor-top-section elementor-element elementor-element-9a5f8a2 elementor-section-boxed elementor-section-height-default elementor-section-height-default\" data-id=\"9a5f8a2\" data-element_type=\"section\" data-e-type=\"section\" data-settings=\"{&quot;shape_divider_bottom&quot;:&quot;tilt&quot;}\">\n\t\t\t\t\t<div class=\"elementor-shape elementor-shape-bottom\" aria-hidden=\"true\" data-negative=\"false\">\n\t\t\t<svg xmlns=\"http:\/\/www.w3.org\/2000\/svg\" viewbox=\"0 0 1000 100\" preserveaspectratio=\"none\">\n\t<path class=\"elementor-shape-fill\" d=\"M0,6V0h1000v100L0,6z\"\/>\n<\/svg>\t\t<\/div>\n\t\t\t\t\t<div class=\"elementor-container elementor-column-gap-default\">\n\t\t\t\t\t<div class=\"elementor-column elementor-col-100 elementor-top-column elementor-element elementor-element-f4568fa\" data-id=\"f4568fa\" data-element_type=\"column\" data-e-type=\"column\">\n\t\t\t<div class=\"elementor-widget-wrap elementor-element-populated\">\n\t\t\t\t\t\t<div class=\"elementor-element elementor-element-da30cb5 elementor-widget elementor-widget-spacer\" data-id=\"da30cb5\" data-element_type=\"widget\" data-e-type=\"widget\" data-widget_type=\"spacer.default\">\n\t\t\t\t<div class=\"elementor-widget-container\">\n\t\t\t\t\t\t\t<div class=\"elementor-spacer\">\n\t\t\t<div class=\"elementor-spacer-inner\"><\/div>\n\t\t<\/div>\n\t\t\t\t\t\t<\/div>\n\t\t\t\t<\/div>\n\t\t\t\t\t<\/div>\n\t\t<\/div>\n\t\t\t\t\t<\/div>\n\t\t<\/section>\n\t\t\t\t<\/div>","protected":false},"excerpt":{"rendered":"<p>Investment Partnership We offer the possibility to associate with our projects. For this purpose, you should be investing in real estate by creating an investment partnership. You can either buy the properties from us or get part of the profits by taking partnership in our future developments. Get Started Invest In Construction Projects My property&#8230;<\/p>","protected":false},"author":9,"featured_media":0,"parent":0,"menu_order":0,"comment_status":"closed","ping_status":"closed","template":"elementor_header_footer","meta":{"footnotes":""},"class_list":["post-5256","page","type-page","status-publish","hentry"],"_links":{"self":[{"href":"https:\/\/myproperty-turkey.com\/tr\/wp-json\/wp\/v2\/pages\/5256","targetHints":{"allow":["GET"]}}],"collection":[{"href":"https:\/\/myproperty-turkey.com\/tr\/wp-json\/wp\/v2\/pages"}],"about":[{"href":"https:\/\/myproperty-turkey.com\/tr\/wp-json\/wp\/v2\/types\/page"}],"author":[{"embeddable":true,"href":"https:\/\/myproperty-turkey.com\/tr\/wp-json\/wp\/v2\/users\/9"}],"replies":[{"embeddable":true,"href":"https:\/\/myproperty-turkey.com\/tr\/wp-json\/wp\/v2\/comments?post=5256"}],"version-history":[{"count":52,"href":"https:\/\/myproperty-turkey.com\/tr\/wp-json\/wp\/v2\/pages\/5256\/revisions"}],"predecessor-version":[{"id":10434,"href":"https:\/\/myproperty-turkey.com\/tr\/wp-json\/wp\/v2\/pages\/5256\/revisions\/10434"}],"wp:attachment":[{"href":"https:\/\/myproperty-turkey.com\/tr\/wp-json\/wp\/v2\/media?parent=5256"}],"curies":[{"name":"wp","href":"https:\/\/api.w.org\/{rel}","templated":true}]}}